{"id":823,"date":"2023-06-26T11:52:32","date_gmt":"2023-06-26T11:52:32","guid":{"rendered":"https:\/\/tallweb.net\/bressan\/?page_id=823"},"modified":"2023-06-26T14:09:33","modified_gmt":"2023-06-26T14:09:33","slug":"bressan-privacy-policy","status":"publish","type":"page","link":"https:\/\/bressanwines.com\/ja\/bressan-privacy-policy\/","title":{"rendered":"Privacy Policy"},"content":{"rendered":"<figure class=\"wp-block-table\"><table><tbody><tr><td><strong>Informativa sul trattamento dei dati personali ex art. 13 D.Lgs. 30 giugno 2003 n. 196<\/strong>Il D.Lgs. 30 giugno 2003 n. 196, \u201cCodice in materia di protezione dei dati personali\u201d (di seguito pi\u00f9 brevemente \u201cil Codice\u201d), nel disciplinare il diritto alla protezione dei dati personali, ha previsto che l\u2019interessato, inteso quale persona fisica, persona giuridica, ente o associazione cui si riferiscono i dati personali, riceva una preventiva informativa1 e, nei casi in cui sia richiesto, rilasci il consenso espresso al trattamento dei Suoi dati.<br><br>Per dato personale il Codice intende \u201cqualunque informazione relativa a persona fisica, persona giuridica, ente od associazione, identificati o identificabili, anche indirettamente, mediante riferimento a qualsiasi altra informazione, ivi compreso un numero di identificazione personale\u201d.<br><br>Per trattamento, invece, il Codice intende \u201cqualunque operazione o complesso di operazioni, effettuati anche senza l\u2019ausilio di strumenti elettronici, concernenti la raccolta, la registrazione, l\u2019organizzazione, la conservazione, la consultazione, l\u2019elaborazione, la modificazione, la selezione, l\u2019estrazione, il raffronto, l\u2019utilizzo, l\u2019interconnessione, il blocco, la comunicazione, la diffusione, la cancellazione, e la distruzione di dati, anche se non registrati in una banca di dati\u201d.<br><br><br>Secondo quanto previsto dall\u2019articolo 23 (\u201cConsenso\u201d) del Codice il trattamento dei dati personali da parte di privati \u00e8 ammesso solo con il consenso espresso dell\u2019interessato fornito liberamente e con specifico riferimento ad un trattamento individuato, oltre che documentato per iscritto e preceduto dall\u2019informativa di cui all\u2019articolo 13 del Codice.<br>Sempre a norma dell\u2019articolo 23 (\u201cConsenso\u201d) del Codice qualora il trattamento riguardi anche, o soltanto, dati c.d. \u201csensibili\u201d il consenso deve essere manifestato in forma scritta tranne nelle ipotesi di cui all\u2019art. 26 comma 4 lettera \u201cc\u201d del Codice2.<br>Vi informiamo pertanto che, nell\u2019ambito e nei limiti del rapporto o dei rapporti instaurati,&nbsp;<strong>Az. Agr. BRESSAN Nereo BRESSAN mastri vinai<\/strong>, d\u2019ora in poi Titolari del trattamento, eseguono il trattamento dei dati personali da Voi forniti direttamente o tramite terzi o comunque acquisiti in sede di esecuzione della prestazione professionale. Il trattamento , previo suo consenso scritto e salvo le esenzioni previste dalla legge, potr\u00e0 avere ad oggetto anche dati personali sensibili e giudiziari.<strong>a)FINALIT\u00c0 DEL TRATTAMENTO CUI SONO DESTINATI I DATI<\/strong><br>I dati personali sono trattati nell\u2019ambito della normale attivit\u00e0 dei Titolari del trattamento, secondo le seguenti finalit\u00e0:<br><br>I)finalit\u00e0 strettamente connesse e\/o strumentali allo svolgimento degli incarichi professionali affidati nonch\u00e9 per la gestione dei rapporti, con la clientela e\/o con soggetti terzi, funzionali all\u2019attivit\u00e0 dei Titolari del trattamento;<br>II)finalit\u00e0 connesse agli obblighi previsti da leggi, da regolamenti e dalla normativa comunitaria;<br>III)finalit\u00e0 funzionali all\u2019attivit\u00e0 dei Titolari del trattamento per le quali l\u2019interessato ha facolt\u00e0 di manifestare o meno il consenso.<br>Rientrano in questa categoria le seguenti attivit\u00e0:<br>1.rilevazione del grado di soddisfazione della clientela sulla qualit\u00e0 delle prestazioni rese;<br>2.conservazione in archiviazione dei dati e della documentazione necessari e pertinenti agli incarichi affidati ai Titolari del trattamento per un periodo di tempo successivo al conseguimento degli scopi per i quali sono stati raccolti o successivamente trattati, e precisamente per il periodo di 10 anni.<br>3.invio, tramite lettera, telefono, fax, ed e-mail, di materiale informativo in materia prevalentemente fiscale e giuridica, comunque strettamente pertinente ai servizi prestati dai Titolari del trattamento;<br>IV)finalit\u00e0 connesse, per&nbsp;<strong>Az. Agr. BRESSAN Nereo BRESSAN mastri vinai<\/strong>, all\u2019esecuzione degli obblighi in materia antiriciclaggio previsti dal DM n. 141\/2006:<br>1.identificazione della clientela;<br>2.registrazione dei dati nell\u2019archivio unico;<br>3.segnalazione delle operazioni sospette all\u2019UIC.<strong>b)MODALIT\u00c0 DEL TRATTAMENTO \u2013 REQUISITI DI SICUREZZA E RISERVATEZZA<\/strong><br>In relazione a tali finalit\u00e0 il trattamento dei dati personali avviene, nel rispetto della normativa vigente e fermi gli obblighi di riservatezza e di segreto professionale, mediante l\u2019utilizzo di strumenti manuali, informatici e telematici. Con tali mezzi i dati personali potranno essere raccolti, registrati, organizzati, conservati, consultati, elaborati, modificati, selezionati, estratti, raffrontati, utilizzati, interconnessi, comunicati, cancellati, distrutti, diffusi, in conformit\u00e0 alla normativa vigente e con l\u2019osservanza di ogni misura cautelativa che ne garantisca la sicurezza e riservatezza. I dati personali sono trattati da professionisti, eventuali responsabili3 e\/o incaricati4 designati, sia interni che esterni, ivi compresi collaboratori di studio, praticanti e segretarie che potranno trattare i dati personali anche ai fini della redazione delle parcelle e note spese.<br>Il trattamento dei dati avviene con logiche strettamente correlate alle finalit\u00e0 predette, e comunque, in modo da garantire la sicurezza e la riservatezza dei dati stessi, i quali sono altres\u00ec gestiti e protetti in ambienti il cui accesso \u00e8 sotto costante controllo. In particolare i sistemi informativi ed i programmi informatici sono configurati in modo tale da limitare allo stretto necessario (e nell\u2019ambito delle predette finalit\u00e0) i trattamenti di dati personali, mediante l\u2019utilizzazione di dati identificativi degli incaricati ai trattamenti e secondo profili di autorizzazione5 predefiniti. I dati personali, comuni, sensibili e giudiziari, vengono raccolti in banche dati informatiche ed in archivi cartacei. In ogni caso i dati personali sono custoditi e controllati in modo da ridurre al minimo i rischi di distruzione o perdita dei dati stessi, di accesso non autorizzato o di trattamento non consentito o non conforme alle finalit\u00e0 della raccolta.<br>In relazione alle finalit\u00e0 di cui alla lettera B) il trattamento pu\u00f2 riguardare anche dati personali sensibili o giudiziari.<strong>c)NATURA OBBLIGATORIA O FACOLTATIVA DEL CONFERIMENTO DEI DATI E CONSEGUENZE DI UN EVENTUALE RIFIUTO.<\/strong><br>Con riguardo alle finalit\u00e0 sopra elencate si informa che il conferimento dei dati:<br>\u00e8 facoltativo per i trattamenti connessi e strumentali alla gestione ed esecuzione dei rapporti con la clientela di cui al punto I). Un eventuale rifiuto al loro conferimento potrebbe essere causa di impedimento all\u2019instaurarsi o al proseguimento del rapporto contrattuale;<br>\u00e8 obbligatorio per i trattamenti connessi agli obblighi previsti da leggi, regolamenti e dalla normativa comunitaria di cui al punto II) e IV). Un eventuale rifiuto al loro compimento impedisce l\u2019instaurarsi di ogni rapporto;<br>\u00e8 facoltativo per i trattamenti di cui al punto III). Un eventuale rifiuto al loro conferimento non pregiudica il perfezionamento o la prosecuzione del rapporto contrattuale.<strong>d)SOGGETTI E CATEGORIE DI SOGGETTI AI QUALI I DATI POSSONO ESSERE COMUNICATI.<\/strong><br>I dati possono essere comunicati6 ad altri soggetti pubblici e\/o privati, alle competenti autorit\u00e0 giudiziarie, e quindi ai soggetti in quelle stesse sedi preposti al loro recepimento e\/o trattamento. I dati personali inoltre vengono comunicati ad altri soggetti il cui intervento \u00e8 strettamente funzionale all\u2019esecuzione del rapporto contrattuale non comportando un autonomo trattamento, come ad esempio la Societ\u00e0 Poste Italiane S.p.A. per l\u2019invio delle fatture o di altre comunicazioni, gli istituti di credito con i quali i Titolari del trattamento intrattengono o possono intrattenere rapporti per l\u2019appoggio delle disposizioni di addebito (R.I.D.) e per le disposizioni di bonifico, le compagnie di assicurazione, le societ\u00e0 di recupero crediti, le societ\u00e0 di studi, consulenza, le societ\u00e0 di archiviazione, anche ottica, eccetera.<strong>e)TITOLARE ED INCARICATI DEI TRATTAMENTI DATI<\/strong><br>Con riguardo ai dati trattati direttamente dalla nostra societ\u00e0 si informa che:<br>Titolari del trattamento sono:<strong>Az. Agr. BRESSAN Nereo BRESSAN mastri vinai<\/strong><br>P.Iva 00167910314<br>C.Fiscale BRS NRE 32L26 D504Fe-mail:&nbsp;<a href=\"mailto:bressanwines@tin.it\">bressanwines@tin.it<\/a><br>Gli estremi identificativi dei responsabili eventualmente nominati saranno consultabili visitando il sito&nbsp;www.bressanwines.com.<br>I diritti dell\u2019interessato possono essere esercitati rivolgendosi ai recapiti qui sopra riportati.<br>Da ultimo si segnala che Incaricati del trattamento sono sia i dipendenti dei Titolari del trattamento che soggetti esterni ad essi.<strong>f)DIRITTI DELL\u2019INTERESSATO<\/strong><br>La persona alla quale i dati si riferiscono pu\u00f2 esercitare i diritti di cui all\u2019art. 7 del Codice che, di seguito, riportiamo integralmente:<br>1.L\u2019interessato ha diritto di ottenere la conferma dell\u2019esistenza o meno di dati personali che lo riguardano, anche se non ancora registrati, e la loro comunicazione in forma intelligibile.<br>2. L\u2019interessato ha diritto di ottenere l\u2019indicazione:<br>a)dell\u2019origine dei dati personali;<br>b)delle finalit\u00e0 e modalit\u00e0 del trattamento;<br>c)della logica applicata in caso di trattamento effettuato con l\u2019ausilio di strumenti elettronici;<br>d)degli estremi identificativi del titolare, dei responsabili, e del rappresentante designato ai sensi dell\u2019art. 5, comma 2;<br>e)dei soggetti o delle categorie di soggetti ai quali i dati personali possono essere comunicati o che possono venirne a conoscenza in qualit\u00e0 di rappresentante designato nel territorio dello Stato, di responsabili o incaricati;<br>3.L\u2019interessato ha diritto di ottenere:<br>a)l\u2019aggiornamento, la rettificazione ovvero, quando vi ha interesse, l\u2019integrazione dei dati;<br>b)la cancellazione, la trasformazione in forma anonima o il blocco dei dati trattati in violazione di legge, compresi quelli di cui non \u00e8 necessaria la conservazione in relazione agli scopi per i quali i dati sono stati raccolti o successivamente trattati;<br>c)l\u2019attestazione che le operazioni di cui alle lettere a) e b) sono state portate a conoscenza, anche per quanto riguarda il loro contenuto, di coloro ai quali i dati sono stati comunicati o diffusi, eccettuato il caso in cui tale adempimento si rivela impossibile o comporta un impiego di mezzi manifestamente sproporzionato rispetto al diritto tutelato.<br>4.L\u2019interessato ha diritto di opporsi in tutto o in parte:<br>a)per motivi legittimi al trattamento dei dati personali che lo riguardano, ancorch\u00e8 pertinenti allo scopo della raccolta;<br>b)al trattamento di dati personali che lo riguardano ai fini di invio di materiale pubblicitario, di vendita diretta o per il compimento di ricerche di mercato o di comunicazione commerciale.Per l\u2019esercizio dei diritti sopra elencati, l\u2019interessato pu\u00f2 conferire, per iscritto, delega procura a persone fisiche, enti associazioni od organismi e pu\u00f2 farsi assistere da una persona di fiducia.<br>Quando a seguito della richiesta di cui al\u2019art. 7, commi 1 e 2, lettere a), b), c) non risulta confermata l\u2019esistenza di dati che riguardano l\u2019interessato, pu\u00f2 essere chiesto un contributo spese non eccedente i costi effettivamente sopportati per la ricerca effettuata nel caso specifico. Il contributo non pu\u00f2 comunque superare l\u2019importo determinato dal Garante con provvedimento di carattere generale.\u00c8 facolt\u00e0 dell\u2019interessato ex art. 52 D.Lgs 196\/03 chiedere \u2013 secondo le modalit\u00e0 ed i termini in quella stessa norma indicati \u2013 che, per motivi legittimi, sia omessa l\u2019indicazione delle generalit\u00e0 e di altri dati identificativi dello stesso nell\u2019ipotesi di diffusione dell\u2019eventuale sentenza o di altro provvedimento giurisdizionale.<br>Qualora sia prestato il consenso al trattamento dei dati personali, la presente informativa dovr\u00e0 ritenersi valida anche per le posizioni aperte prima della data di prestazione del consenso.<\/td><\/tr><\/tbody><\/table><\/figure>","protected":false},"excerpt":{"rendered":"<p>Informativa sul trattamento dei dati personali ex art. 13 D.Lgs. 30 giugno 2003 n. 196Il D.Lgs. 30 giugno 2003 n. 196, \u201cCodice in materia di protezione<span class=\"excerpt-hellip\"> [\u2026]<\/span><\/p>\n","protected":false},"author":1,"featured_media":0,"parent":0,"menu_order":0,"comment_status":"closed","ping_status":"closed","template":"","meta":{"footnotes":""},"class_list":["post-823","page","type-page","status-publish","hentry"],"_links":{"self":[{"href":"https:\/\/bressanwines.com\/ja\/wp-json\/wp\/v2\/pages\/823","targetHints":{"allow":["GET"]}}],"collection":[{"href":"https:\/\/bressanwines.com\/ja\/wp-json\/wp\/v2\/pages"}],"about":[{"href":"https:\/\/bressanwines.com\/ja\/wp-json\/wp\/v2\/types\/page"}],"author":[{"embeddable":true,"href":"https:\/\/bressanwines.com\/ja\/wp-json\/wp\/v2\/users\/1"}],"replies":[{"embeddable":true,"href":"https:\/\/bressanwines.com\/ja\/wp-json\/wp\/v2\/comments?post=823"}],"version-history":[{"count":3,"href":"https:\/\/bressanwines.com\/ja\/wp-json\/wp\/v2\/pages\/823\/revisions"}],"predecessor-version":[{"id":826,"href":"https:\/\/bressanwines.com\/ja\/wp-json\/wp\/v2\/pages\/823\/revisions\/826"}],"wp:attachment":[{"href":"https:\/\/bressanwines.com\/ja\/wp-json\/wp\/v2\/media?parent=823"}],"curies":[{"name":"wp","href":"https:\/\/api.w.org\/{rel}","templated":true}]}}